{"id":30027,"date":"2022-01-01T16:50:37","date_gmt":"2022-01-01T15:50:37","guid":{"rendered":"https:\/\/highview.studio\/es\/articulo_5\/"},"modified":"2024-01-08T13:13:00","modified_gmt":"2024-01-08T12:13:00","slug":"contacta-con-nosotros","status":"publish","type":"page","link":"https:\/\/highview.studio\/es\/contacta-con-nosotros\/","title":{"rendered":"Contacta con nosotros"},"content":{"rendered":"<p>[et_pb_section fb_built=\u00bb1&#8243; module_class=\u00bbhv_logo_projects\u00bb _builder_version=\u00bb4.16&#8243; _module_preset=\u00bbdefault\u00bb background_image=\u00bbhttps:\/\/highview.studio\/wp-content\/uploads\/2022\/01\/contact-1.jpg\u00bb min_height=\u00bb100vh\u00bb min_height_tablet=\u00bb616px\u00bb min_height_phone=\u00bb100vh\u00bb min_height_last_edited=\u00bboff|desktop\u00bb global_colors_info=\u00bb{}\u00bb][et_pb_row _builder_version=\u00bb4.16&#8243; _module_preset=\u00bbdefault\u00bb global_colors_info=\u00bb{}\u00bb][et_pb_column type=\u00bb4_4&#8243; _builder_version=\u00bb4.16&#8243; _module_preset=\u00bbdefault\u00bb global_colors_info=\u00bb{}\u00bb][et_pb_text _builder_version=\u00bb4.23.4&#8243; _module_preset=\u00bbdefault\u00bb header_font=\u00bb||||||||\u00bb header_text_color=\u00bb#FFFFFF\u00bb header_font_size=\u00bb60px\u00bb custom_margin=\u00bb||12px|||\u00bb header_font_size_tablet=\u00bb32px\u00bb header_font_size_phone=\u00bb32px\u00bb header_font_size_last_edited=\u00bbon|tablet\u00bb header_line_height_tablet=\u00bb\u00bb header_line_height_phone=\u00bb1.2em\u00bb header_line_height_last_edited=\u00bbon|desktop\u00bb global_colors_info=\u00bb{}\u00bb]<\/p>\n<h1 style=\"text-align: center;\">Hablemos de tu proyecto<\/h1>\n<p>[\/et_pb_text][et_pb_blurb url=\u00bbhttps:\/\/highview.studio\/es\/contacta-con-nosotros\/#introduccion\u00bb use_icon=\u00bbon\u00bb font_icon=\u00bb&#x37;||divi||400&#8243; icon_color=\u00bb#FFFFFF\u00bb image_icon_background_color=\u00bbRGBA(255,255,255,0)\u00bb image_icon_width=\u00bb46px\u00bb image_icon_width_tablet=\u00bb46px\u00bb image_icon_width_phone=\u00bb40px\u00bb image_icon_width_last_edited=\u00bbon|desktop\u00bb _builder_version=\u00bb4.21.0&#8243; _module_preset=\u00bbdefault\u00bb animation_style=\u00bbbounce\u00bb animation_duration=\u00bb0ms\u00bb global_colors_info=\u00bb{}\u00bb][\/et_pb_blurb][\/et_pb_column][\/et_pb_row][\/et_pb_section][et_pb_section fb_built=\u00bb1&#8243; module_id=\u00bbintroduccion\u00bb _builder_version=\u00bb4.21.0&#8243; _module_preset=\u00bbdefault\u00bb custom_padding=\u00bb||104px|||\u00bb global_colors_info=\u00bb{}\u00bb][et_pb_row custom_padding_last_edited=\u00bbon|desktop\u00bb _builder_version=\u00bb4.16&#8243; _module_preset=\u00bbdefault\u00bb custom_margin=\u00bb0px||0px||false|false\u00bb custom_padding=\u00bb46px||36px||false|false\u00bb custom_padding_tablet=\u00bb46px||72px||false|false\u00bb custom_padding_phone=\u00bb46px||72px||false|false\u00bb global_colors_info=\u00bb{}\u00bb][et_pb_column type=\u00bb4_4&#8243; _builder_version=\u00bb4.16&#8243; _module_preset=\u00bbdefault\u00bb global_colors_info=\u00bb{}\u00bb][et_pb_text content_phone=\u00bb<\/p>\n<h2>Au Vieux-Manoir es un restaurante de cocina refinada y tradicional. Situada en las alturas de Choex, su terraza domina el valle del R\u00f3dano y ofrece una vista impresionante del lago Lem\u00e1n.<\/h2>\n<p>\u00bb content_last_edited=\u00bboff|phone\u00bb _builder_version=\u00bb4.23.4&#8243; _module_preset=\u00bbdefault\u00bb text_font=\u00bb||||||||\u00bb header_text_color=\u00bb#000000&#8243; header_2_font=\u00bbOpen Sans|700|||||||\u00bb header_2_text_align=\u00bbleft\u00bb header_2_font_size=\u00bb22px\u00bb header_2_line_height=\u00bb1.6em\u00bb header_font_size_phone=\u00bb64px\u00bb header_font_size_last_edited=\u00bboff|phone\u00bb header_2_font_size_tablet=\u00bb\u00bb header_2_font_size_phone=\u00bb20px\u00bb header_2_font_size_last_edited=\u00bbon|phone\u00bb global_colors_info=\u00bb{}\u00bb]<\/p>\n<h2><span style=\"color: #000000;\">\u00bfTienes preguntas, dudas o quieres solicitar presupuesto y pedir cita con nosotros? No dudes en contactarnos. D\u00e9janos un mensaje y te responderemos en breve.<\/span><\/h2>\n<p>[\/et_pb_text][\/et_pb_column][\/et_pb_row][et_pb_row _builder_version=\u00bb4.16&#8243; _module_preset=\u00bbdefault\u00bb global_colors_info=\u00bb{}\u00bb][et_pb_column type=\u00bb4_4&#8243; _builder_version=\u00bb4.16&#8243; _module_preset=\u00bbdefault\u00bb global_colors_info=\u00bb{}\u00bb][et_pb_contact_form email=\u00bbinfo@highview.studio\u00bb _builder_version=\u00bb4.21.0&#8243; _module_preset=\u00bbdefault\u00bb _unique_id=\u00bb6ecd3c69-c8e7-4b5a-9946-4c79564de99b\u00bb custom_button=\u00bbon\u00bb button_text_color=\u00bbrgba(10,10,10,0.49)\u00bb global_colors_info=\u00bb{}\u00bb][et_pb_contact_field field_id=\u00bbName\u00bb field_title=\u00bbNombre\u00bb _builder_version=\u00bb4.16&#8243; form_field_text_color=\u00bb#000000&#8243; form_field_focus_text_color=\u00bb#000000&#8243; global_colors_info=\u00bb{}\u00bb button_text_size__hover_enabled=\u00bboff\u00bb button_one_text_size__hover_enabled=\u00bboff\u00bb button_two_text_size__hover_enabled=\u00bboff\u00bb button_text_color__hover_enabled=\u00bboff\u00bb button_one_text_color__hover_enabled=\u00bboff\u00bb button_two_text_color__hover_enabled=\u00bboff\u00bb button_border_width__hover_enabled=\u00bboff\u00bb button_one_border_width__hover_enabled=\u00bboff\u00bb button_two_border_width__hover_enabled=\u00bboff\u00bb button_border_color__hover_enabled=\u00bboff\u00bb button_one_border_color__hover_enabled=\u00bboff\u00bb button_two_border_color__hover_enabled=\u00bboff\u00bb button_border_radius__hover_enabled=\u00bboff\u00bb button_one_border_radius__hover_enabled=\u00bboff\u00bb button_two_border_radius__hover_enabled=\u00bboff\u00bb button_letter_spacing__hover_enabled=\u00bboff\u00bb button_one_letter_spacing__hover_enabled=\u00bboff\u00bb button_two_letter_spacing__hover_enabled=\u00bboff\u00bb button_bg_color__hover_enabled=\u00bboff\u00bb button_one_bg_color__hover_enabled=\u00bboff\u00bb button_two_bg_color__hover_enabled=\u00bboff\u00bb][\/et_pb_contact_field][et_pb_contact_field field_id=\u00bbEmail\u00bb field_title=\u00bbtu correo electr\u00f3nico\u00bb field_type=\u00bbemail\u00bb _builder_version=\u00bb4.16&#8243; form_field_text_color=\u00bb#000000&#8243; global_colors_info=\u00bb{}\u00bb button_text_size__hover_enabled=\u00bboff\u00bb button_one_text_size__hover_enabled=\u00bboff\u00bb button_two_text_size__hover_enabled=\u00bboff\u00bb button_text_color__hover_enabled=\u00bboff\u00bb button_one_text_color__hover_enabled=\u00bboff\u00bb button_two_text_color__hover_enabled=\u00bboff\u00bb button_border_width__hover_enabled=\u00bboff\u00bb button_one_border_width__hover_enabled=\u00bboff\u00bb button_two_border_width__hover_enabled=\u00bboff\u00bb button_border_color__hover_enabled=\u00bboff\u00bb button_one_border_color__hover_enabled=\u00bboff\u00bb button_two_border_color__hover_enabled=\u00bboff\u00bb button_border_radius__hover_enabled=\u00bboff\u00bb button_one_border_radius__hover_enabled=\u00bboff\u00bb button_two_border_radius__hover_enabled=\u00bboff\u00bb button_letter_spacing__hover_enabled=\u00bboff\u00bb button_one_letter_spacing__hover_enabled=\u00bboff\u00bb button_two_letter_spacing__hover_enabled=\u00bboff\u00bb button_bg_color__hover_enabled=\u00bboff\u00bb button_one_bg_color__hover_enabled=\u00bboff\u00bb button_two_bg_color__hover_enabled=\u00bboff\u00bb][\/et_pb_contact_field][et_pb_contact_field field_id=\u00bbMessage\u00bb field_title=\u00bbMensaje\u00bb field_type=\u00bbtext\u00bb fullwidth_field=\u00bbon\u00bb _builder_version=\u00bb4.16&#8243; form_field_text_color=\u00bb#000000&#8243; global_colors_info=\u00bb{}\u00bb button_text_size__hover_enabled=\u00bboff\u00bb button_one_text_size__hover_enabled=\u00bboff\u00bb button_two_text_size__hover_enabled=\u00bboff\u00bb button_text_color__hover_enabled=\u00bboff\u00bb button_one_text_color__hover_enabled=\u00bboff\u00bb button_two_text_color__hover_enabled=\u00bboff\u00bb button_border_width__hover_enabled=\u00bboff\u00bb button_one_border_width__hover_enabled=\u00bboff\u00bb button_two_border_width__hover_enabled=\u00bboff\u00bb button_border_color__hover_enabled=\u00bboff\u00bb button_one_border_color__hover_enabled=\u00bboff\u00bb button_two_border_color__hover_enabled=\u00bboff\u00bb button_border_radius__hover_enabled=\u00bboff\u00bb button_one_border_radius__hover_enabled=\u00bboff\u00bb button_two_border_radius__hover_enabled=\u00bboff\u00bb button_letter_spacing__hover_enabled=\u00bboff\u00bb button_one_letter_spacing__hover_enabled=\u00bboff\u00bb button_two_letter_spacing__hover_enabled=\u00bboff\u00bb button_bg_color__hover_enabled=\u00bboff\u00bb button_one_bg_color__hover_enabled=\u00bboff\u00bb button_two_bg_color__hover_enabled=\u00bboff\u00bb][\/et_pb_contact_field][\/et_pb_contact_form][\/et_pb_column][\/et_pb_row][\/et_pb_section][et_pb_section fb_built=\u00bb1&#8243; disabled_on=\u00bboff|off|off\u00bb _builder_version=\u00bb4.16&#8243; _module_preset=\u00bbdefault\u00bb background_color=\u00bb#000000&#8243; global_colors_info=\u00bb{}\u00bb][et_pb_row column_structure=\u00bb1_3,1_3,1_3&#8243; _builder_version=\u00bb4.16&#8243; _module_preset=\u00bbdefault\u00bb custom_padding=\u00bb||0px|||\u00bb global_colors_info=\u00bb{}\u00bb][et_pb_column type=\u00bb1_3&#8243; _builder_version=\u00bb4.16&#8243; _module_preset=\u00bbdefault\u00bb global_colors_info=\u00bb{}\u00bb][et_pb_text _builder_version=\u00bb4.21.0&#8243; _module_preset=\u00bbdefault\u00bb text_font=\u00bb||||||||\u00bb header_3_font=\u00bb|||on|||||\u00bb header_3_text_color=\u00bb#FFFFFF\u00bb header_3_font_size=\u00bb18px\u00bb width=\u00bb100%\u00bb custom_margin=\u00bb||6px|||\u00bb custom_padding=\u00bb|0px||||\u00bb global_colors_info=\u00bb{}\u00bb]<\/p>\n<h3>S\u00edguenos en las redes sociales<\/h3>\n<p>[\/et_pb_text][et_pb_social_media_follow icon_color=\u00bb#FFFFFF\u00bb _builder_version=\u00bb4.23.4&#8243; _module_preset=\u00bbdefault\u00bb global_colors_info=\u00bb{}\u00bb][et_pb_social_media_follow_network social_network=\u00bbinstagram\u00bb url=\u00bbhttps:\/\/instagram.com\/highview.studio_es\u00bb _builder_version=\u00bb4.21.0&#8243; _module_preset=\u00bbdefault\u00bb background_enable_color=\u00bboff\u00bb global_colors_info=\u00bb{}\u00bb follow_button=\u00bboff\u00bb url_new_window=\u00bbon\u00bb]instagram[\/et_pb_social_media_follow_network][et_pb_social_media_follow_network social_network=\u00bbfacebook\u00bb url=\u00bbhttps:\/\/www.facebook.com\/highview.studio\u00bb _builder_version=\u00bb4.16&#8243; _module_preset=\u00bbdefault\u00bb background_color=\u00bbRGBA(255,255,255,0)\u00bb background_enable_color=\u00bbon\u00bb global_colors_info=\u00bb{}\u00bb follow_button=\u00bboff\u00bb url_new_window=\u00bbon\u00bb]facebook[\/et_pb_social_media_follow_network][et_pb_social_media_follow_network social_network=\u00bbwhatsapp\u00bb url=\u00bbhttps:\/\/wa.me\/34654944198&#8243; _builder_version=\u00bb4.21.0&#8243; _module_preset=\u00bbdefault\u00bb background_color=\u00bbRGBA(255,255,255,0)\u00bb background_enable_color=\u00bbon\u00bb global_colors_info=\u00bb{}\u00bb follow_button=\u00bboff\u00bb url_new_window=\u00bbon\u00bb]whatsapp[\/et_pb_social_media_follow_network][et_pb_social_media_follow_network social_network=\u00bbyoutube\u00bb url=\u00bbhttps:\/\/www.youtube.com\/@HighviewStudio\u00bb _builder_version=\u00bb4.23.4&#8243; _module_preset=\u00bbdefault\u00bb background_enable_color=\u00bboff\u00bb global_colors_info=\u00bb{}\u00bb follow_button=\u00bboff\u00bb url_new_window=\u00bbon\u00bb]youtube[\/et_pb_social_media_follow_network][\/et_pb_social_media_follow][\/et_pb_column][et_pb_column type=\u00bb1_3&#8243; _builder_version=\u00bb4.16&#8243; _module_preset=\u00bbdefault\u00bb global_colors_info=\u00bb{}\u00bb][et_pb_text disabled_on=\u00bboff|off|off\u00bb _builder_version=\u00bb4.21.0&#8243; _module_preset=\u00bbdefault\u00bb text_font=\u00bb||||||||\u00bb header_3_font=\u00bb|||on|||||\u00bb header_3_text_color=\u00bb#FFFFFF\u00bb header_3_font_size=\u00bb18px\u00bb width=\u00bb100%\u00bb width_tablet=\u00bb100%\u00bb width_phone=\u00bb100%\u00bb width_last_edited=\u00bbon|tablet\u00bb custom_margin=\u00bb||6px|0px|false|false\u00bb custom_margin_tablet=\u00bb|||0px|false|false\u00bb custom_margin_phone=\u00bb10px|||0px|false|false\u00bb custom_margin_last_edited=\u00bbon|desktop\u00bb custom_padding=\u00bb||5px||false|false\u00bb global_colors_info=\u00bb{}\u00bb]<\/p>\n<h3>Hablemos de tu proyecto<\/h3>\n<p>[\/et_pb_text][et_pb_button button_url=\u00bbhttps:\/\/highview.studio\/es\/contacta-con-nosotros\/\u00bb button_text=\u00bbContacta con nosotros\u00bb button_alignment=\u00bbleft\u00bb disabled_on=\u00bboff|off|off\u00bb _builder_version=\u00bb4.21.0&#8243; _module_preset=\u00bbdefault\u00bb custom_button=\u00bbon\u00bb button_text_size=\u00bb14px\u00bb button_text_color=\u00bb#FFFFFF\u00bb button_icon=\u00bb&#x35;||divi||400&#8243; custom_margin=\u00bb|||0px|false|false\u00bb custom_margin_tablet=\u00bb|||0px|false|false\u00bb custom_margin_phone=\u00bb\u00bb custom_margin_last_edited=\u00bbon|desktop\u00bb global_colors_info=\u00bb{}\u00bb][\/et_pb_button][\/et_pb_column][et_pb_column type=\u00bb1_3&#8243; _builder_version=\u00bb4.16&#8243; _module_preset=\u00bbdefault\u00bb global_colors_info=\u00bb{}\u00bb][et_pb_text disabled_on=\u00bboff|off|off\u00bb _builder_version=\u00bb4.21.0&#8243; _module_preset=\u00bbdefault\u00bb text_font=\u00bb||||||||\u00bb header_3_font=\u00bb|||on|||||\u00bb header_3_text_color=\u00bb#FFFFFF\u00bb header_3_font_size=\u00bb18px\u00bb custom_margin=\u00bb||6px|50px|false|false\u00bb custom_margin_tablet=\u00bb20px|||0px|false|false\u00bb custom_margin_phone=\u00bb20px||||false|false\u00bb custom_margin_last_edited=\u00bbon|tablet\u00bb custom_padding=\u00bb||||false|false\u00bb global_colors_info=\u00bb{}\u00bb]<\/p>\n<h3>Highview Studio<\/h3>\n<p>[\/et_pb_text][et_pb_text _builder_version=\u00bb4.21.0&#8243; _module_preset=\u00bbdefault\u00bb custom_margin=\u00bb||5px|50px|false|false\u00bb custom_margin_tablet=\u00bb|||0px|false|false\u00bb custom_margin_phone=\u00bb||5px||false|false\u00bb custom_margin_last_edited=\u00bbon|phone\u00bb custom_padding=\u00bb||1px||false|false\u00bb global_colors_info=\u00bb{}\u00bb]<\/p>\n<p><span style=\"color: #ffffff;\">Barcelona, Espa\u00f1a<\/span><\/p>\n<p>[\/et_pb_text][et_pb_text _builder_version=\u00bb4.23.4&#8243; _module_preset=\u00bbdefault\u00bb custom_margin=\u00bb||5px|50px|false|false\u00bb custom_margin_tablet=\u00bb|||0px|false|false\u00bb custom_margin_phone=\u00bb||5px||false|false\u00bb custom_margin_last_edited=\u00bbon|phone\u00bb custom_padding=\u00bb||1px||false|false\u00bb hover_enabled=\u00bb0&#8243; global_colors_info=\u00bb{}\u00bb sticky_enabled=\u00bb0&#8243;]<\/p>\n<p><span style=\"color: #ffffff;\"><a href=\"mailto:info@highview.studio\" style=\"color: #ffffff;\">info[at]highview.studio<\/a><\/span><\/p>\n<p>[\/et_pb_text][et_pb_text _builder_version=\u00bb4.21.0&#8243; _module_preset=\u00bbdefault\u00bb custom_margin=\u00bb||5px|50px|false|false\u00bb custom_margin_tablet=\u00bb|||0px|false|false\u00bb custom_margin_phone=\u00bb||5px||false|false\u00bb custom_margin_last_edited=\u00bbon|phone\u00bb custom_padding=\u00bb||1px||false|false\u00bb link_option_url=\u00bbtel:+34654944198&#8243; global_colors_info=\u00bb{}\u00bb]<\/p>\n<p><span style=\"font-weight: 400; color: #ffffff;\">+34 654 944 198<\/span><\/p>\n<p>[\/et_pb_text][\/et_pb_column][\/et_pb_row][\/et_pb_section]<\/p>\n","protected":false},"excerpt":{"rendered":"<p>Hablemos de tu proyecto\u00bfTienes preguntas, dudas o quieres solicitar presupuesto y pedir cita con nosotros? No dudes en contactarnos. D\u00e9janos un mensaje y te responderemos en breve.S\u00edguenos en las redes socialesHablemos de tu proyectoHighview StudioBarcelona, Espa\u00f1ainfo[at]highview.studio+34 654 944 198<\/p>\n","protected":false},"author":1,"featured_media":30539,"parent":0,"menu_order":0,"comment_status":"closed","ping_status":"closed","template":"","meta":{"_et_pb_use_builder":"on","_et_pb_old_content":"","_et_gb_content_width":"","footnotes":""},"class_list":["post-30027","page","type-page","status-publish","has-post-thumbnail","hentry"],"yoast_head":"<!-- This site is optimized with the Yoast SEO plugin v26.7 - https:\/\/yoast.com\/wordpress\/plugins\/seo\/ -->\n<title>Contacta con nosotros - Highview Studio<\/title>\n<meta name=\"description\" content=\"\u00bfQuieres m\u00e1s sobre nuestras actividades o solicitar un presupuesto? P\u00f3nte en contacto con nosotros para hablar de tu proyecto o pedir cita.\" \/>\n<meta name=\"robots\" content=\"index, follow, max-snippet:-1, max-image-preview:large, max-video-preview:-1\" \/>\n<link rel=\"canonical\" href=\"https:\/\/highview.studio\/es\/contacta-con-nosotros\/\" \/>\n<meta property=\"og:locale\" content=\"es_ES\" \/>\n<meta property=\"og:type\" content=\"article\" \/>\n<meta property=\"og:title\" content=\"Contacta con nosotros - Highview Studio\" \/>\n<meta property=\"og:description\" content=\"\u00bfQuieres m\u00e1s sobre nuestras actividades o solicitar un presupuesto? P\u00f3nte en contacto con nosotros para hablar de tu proyecto o pedir cita.\" \/>\n<meta property=\"og:url\" content=\"https:\/\/highview.studio\/es\/contacta-con-nosotros\/\" \/>\n<meta property=\"og:site_name\" content=\"Highview Studio\" \/>\n<meta property=\"article:publisher\" content=\"https:\/\/www.facebook.com\/highview.studio\" \/>\n<meta property=\"article:modified_time\" content=\"2024-01-08T12:13:00+00:00\" \/>\n<meta property=\"og:image\" content=\"https:\/\/highview.studio\/wp-content\/uploads\/2024\/01\/Logo-high-res-1.png\" \/>\n\t<meta property=\"og:image:width\" content=\"1000\" \/>\n\t<meta property=\"og:image:height\" content=\"1000\" \/>\n\t<meta property=\"og:image:type\" content=\"image\/png\" \/>\n<meta name=\"twitter:card\" content=\"summary_large_image\" \/>\n<meta name=\"twitter:label1\" content=\"Tiempo de lectura\" \/>\n\t<meta name=\"twitter:data1\" content=\"1 minuto\" \/>\n<script type=\"application\/ld+json\" class=\"yoast-schema-graph\">{\"@context\":\"https:\/\/schema.org\",\"@graph\":[{\"@type\":\"WebPage\",\"@id\":\"https:\/\/highview.studio\/es\/contacta-con-nosotros\/\",\"url\":\"https:\/\/highview.studio\/es\/contacta-con-nosotros\/\",\"name\":\"Contacta con nosotros - Highview Studio\",\"isPartOf\":{\"@id\":\"https:\/\/highview.studio\/#website\"},\"primaryImageOfPage\":{\"@id\":\"https:\/\/highview.studio\/es\/contacta-con-nosotros\/#primaryimage\"},\"image\":{\"@id\":\"https:\/\/highview.studio\/es\/contacta-con-nosotros\/#primaryimage\"},\"thumbnailUrl\":\"https:\/\/highview.studio\/wp-content\/uploads\/2024\/01\/Logo-high-res-1.png\",\"datePublished\":\"2022-01-01T15:50:37+00:00\",\"dateModified\":\"2024-01-08T12:13:00+00:00\",\"description\":\"\u00bfQuieres m\u00e1s sobre nuestras actividades o solicitar un presupuesto? P\u00f3nte en contacto con nosotros para hablar de tu proyecto o pedir cita.\",\"breadcrumb\":{\"@id\":\"https:\/\/highview.studio\/es\/contacta-con-nosotros\/#breadcrumb\"},\"inLanguage\":\"es\",\"potentialAction\":[{\"@type\":\"ReadAction\",\"target\":[\"https:\/\/highview.studio\/es\/contacta-con-nosotros\/\"]}]},{\"@type\":\"ImageObject\",\"inLanguage\":\"es\",\"@id\":\"https:\/\/highview.studio\/es\/contacta-con-nosotros\/#primaryimage\",\"url\":\"https:\/\/highview.studio\/wp-content\/uploads\/2024\/01\/Logo-high-res-1.png\",\"contentUrl\":\"https:\/\/highview.studio\/wp-content\/uploads\/2024\/01\/Logo-high-res-1.png\",\"width\":1000,\"height\":1000},{\"@type\":\"BreadcrumbList\",\"@id\":\"https:\/\/highview.studio\/es\/contacta-con-nosotros\/#breadcrumb\",\"itemListElement\":[{\"@type\":\"ListItem\",\"position\":1,\"name\":\"Accueil\",\"item\":\"https:\/\/highview.studio\/es\/\"},{\"@type\":\"ListItem\",\"position\":2,\"name\":\"Contacta con nosotros\"}]},{\"@type\":\"WebSite\",\"@id\":\"https:\/\/highview.studio\/#website\",\"url\":\"https:\/\/highview.studio\/\",\"name\":\"Highview Studio\",\"description\":\"Communication &amp; Production\",\"publisher\":{\"@id\":\"https:\/\/highview.studio\/#organization\"},\"potentialAction\":[{\"@type\":\"SearchAction\",\"target\":{\"@type\":\"EntryPoint\",\"urlTemplate\":\"https:\/\/highview.studio\/?s={search_term_string}\"},\"query-input\":{\"@type\":\"PropertyValueSpecification\",\"valueRequired\":true,\"valueName\":\"search_term_string\"}}],\"inLanguage\":\"es\"},{\"@type\":\"Organization\",\"@id\":\"https:\/\/highview.studio\/#organization\",\"name\":\"Highview\",\"url\":\"https:\/\/highview.studio\/\",\"logo\":{\"@type\":\"ImageObject\",\"inLanguage\":\"es\",\"@id\":\"https:\/\/highview.studio\/#\/schema\/logo\/image\/\",\"url\":\"https:\/\/highview.studio\/wp-content\/uploads\/2022\/01\/highview.jpg\",\"contentUrl\":\"https:\/\/highview.studio\/wp-content\/uploads\/2022\/01\/highview.jpg\",\"width\":900,\"height\":600,\"caption\":\"Highview\"},\"image\":{\"@id\":\"https:\/\/highview.studio\/#\/schema\/logo\/image\/\"},\"sameAs\":[\"https:\/\/www.facebook.com\/highview.studio\",\"https:\/\/www.instagram.com\/highview.studio\/\",\"https:\/\/www.youtube.com\/channel\/UC3fQfzzfho8xVZ3fvpXqJug\"]}]}<\/script>\n<!-- \/ Yoast SEO plugin. -->","yoast_head_json":{"title":"Contacta con nosotros - Highview Studio","description":"\u00bfQuieres m\u00e1s sobre nuestras actividades o solicitar un presupuesto? P\u00f3nte en contacto con nosotros para hablar de tu proyecto o pedir cita.","robots":{"index":"index","follow":"follow","max-snippet":"max-snippet:-1","max-image-preview":"max-image-preview:large","max-video-preview":"max-video-preview:-1"},"canonical":"https:\/\/highview.studio\/es\/contacta-con-nosotros\/","og_locale":"es_ES","og_type":"article","og_title":"Contacta con nosotros - Highview Studio","og_description":"\u00bfQuieres m\u00e1s sobre nuestras actividades o solicitar un presupuesto? P\u00f3nte en contacto con nosotros para hablar de tu proyecto o pedir cita.","og_url":"https:\/\/highview.studio\/es\/contacta-con-nosotros\/","og_site_name":"Highview Studio","article_publisher":"https:\/\/www.facebook.com\/highview.studio","article_modified_time":"2024-01-08T12:13:00+00:00","og_image":[{"width":1000,"height":1000,"url":"https:\/\/highview.studio\/wp-content\/uploads\/2024\/01\/Logo-high-res-1.png","type":"image\/png"}],"twitter_card":"summary_large_image","twitter_misc":{"Tiempo de lectura":"1 minuto"},"schema":{"@context":"https:\/\/schema.org","@graph":[{"@type":"WebPage","@id":"https:\/\/highview.studio\/es\/contacta-con-nosotros\/","url":"https:\/\/highview.studio\/es\/contacta-con-nosotros\/","name":"Contacta con nosotros - Highview Studio","isPartOf":{"@id":"https:\/\/highview.studio\/#website"},"primaryImageOfPage":{"@id":"https:\/\/highview.studio\/es\/contacta-con-nosotros\/#primaryimage"},"image":{"@id":"https:\/\/highview.studio\/es\/contacta-con-nosotros\/#primaryimage"},"thumbnailUrl":"https:\/\/highview.studio\/wp-content\/uploads\/2024\/01\/Logo-high-res-1.png","datePublished":"2022-01-01T15:50:37+00:00","dateModified":"2024-01-08T12:13:00+00:00","description":"\u00bfQuieres m\u00e1s sobre nuestras actividades o solicitar un presupuesto? P\u00f3nte en contacto con nosotros para hablar de tu proyecto o pedir cita.","breadcrumb":{"@id":"https:\/\/highview.studio\/es\/contacta-con-nosotros\/#breadcrumb"},"inLanguage":"es","potentialAction":[{"@type":"ReadAction","target":["https:\/\/highview.studio\/es\/contacta-con-nosotros\/"]}]},{"@type":"ImageObject","inLanguage":"es","@id":"https:\/\/highview.studio\/es\/contacta-con-nosotros\/#primaryimage","url":"https:\/\/highview.studio\/wp-content\/uploads\/2024\/01\/Logo-high-res-1.png","contentUrl":"https:\/\/highview.studio\/wp-content\/uploads\/2024\/01\/Logo-high-res-1.png","width":1000,"height":1000},{"@type":"BreadcrumbList","@id":"https:\/\/highview.studio\/es\/contacta-con-nosotros\/#breadcrumb","itemListElement":[{"@type":"ListItem","position":1,"name":"Accueil","item":"https:\/\/highview.studio\/es\/"},{"@type":"ListItem","position":2,"name":"Contacta con nosotros"}]},{"@type":"WebSite","@id":"https:\/\/highview.studio\/#website","url":"https:\/\/highview.studio\/","name":"Highview Studio","description":"Communication &amp; Production","publisher":{"@id":"https:\/\/highview.studio\/#organization"},"potentialAction":[{"@type":"SearchAction","target":{"@type":"EntryPoint","urlTemplate":"https:\/\/highview.studio\/?s={search_term_string}"},"query-input":{"@type":"PropertyValueSpecification","valueRequired":true,"valueName":"search_term_string"}}],"inLanguage":"es"},{"@type":"Organization","@id":"https:\/\/highview.studio\/#organization","name":"Highview","url":"https:\/\/highview.studio\/","logo":{"@type":"ImageObject","inLanguage":"es","@id":"https:\/\/highview.studio\/#\/schema\/logo\/image\/","url":"https:\/\/highview.studio\/wp-content\/uploads\/2022\/01\/highview.jpg","contentUrl":"https:\/\/highview.studio\/wp-content\/uploads\/2022\/01\/highview.jpg","width":900,"height":600,"caption":"Highview"},"image":{"@id":"https:\/\/highview.studio\/#\/schema\/logo\/image\/"},"sameAs":["https:\/\/www.facebook.com\/highview.studio","https:\/\/www.instagram.com\/highview.studio\/","https:\/\/www.youtube.com\/channel\/UC3fQfzzfho8xVZ3fvpXqJug"]}]}},"_links":{"self":[{"href":"https:\/\/highview.studio\/es\/wp-json\/wp\/v2\/pages\/30027","targetHints":{"allow":["GET"]}}],"collection":[{"href":"https:\/\/highview.studio\/es\/wp-json\/wp\/v2\/pages"}],"about":[{"href":"https:\/\/highview.studio\/es\/wp-json\/wp\/v2\/types\/page"}],"author":[{"embeddable":true,"href":"https:\/\/highview.studio\/es\/wp-json\/wp\/v2\/users\/1"}],"replies":[{"embeddable":true,"href":"https:\/\/highview.studio\/es\/wp-json\/wp\/v2\/comments?post=30027"}],"version-history":[{"count":45,"href":"https:\/\/highview.studio\/es\/wp-json\/wp\/v2\/pages\/30027\/revisions"}],"predecessor-version":[{"id":30581,"href":"https:\/\/highview.studio\/es\/wp-json\/wp\/v2\/pages\/30027\/revisions\/30581"}],"wp:featuredmedia":[{"embeddable":true,"href":"https:\/\/highview.studio\/es\/wp-json\/wp\/v2\/media\/30539"}],"wp:attachment":[{"href":"https:\/\/highview.studio\/es\/wp-json\/wp\/v2\/media?parent=30027"}],"curies":[{"name":"wp","href":"https:\/\/api.w.org\/{rel}","templated":true}]}}